{"id":1973,"date":"2024-06-19T00:51:47","date_gmt":"2024-06-19T05:51:47","guid":{"rendered":"https:\/\/fundacionguiandoconamor.org\/?page_id=1973"},"modified":"2024-06-19T00:57:16","modified_gmt":"2024-06-19T05:57:16","slug":"blog-guiando-con-amor","status":"publish","type":"page","link":"https:\/\/fundacionguiandoconamor.org\/en\/blog-guiando-con-amor\/","title":{"rendered":"Blog Guiando con amor"},"content":{"rendered":"<div data-elementor-type=\"wp-page\" data-elementor-id=\"1973\" class=\"elementor elementor-1973\" data-elementor-post-type=\"page\">\n\t\t\t\t\t\t\t<div class=\"elementor-element elementor-element-81d6390 e-flex e-con-boxed e-con e-parent\" data-id=\"81d6390\" data-element_type=\"container\" data-settings=\"{&quot;background_background&quot;:&quot;classic&quot;,&quot;content_width&quot;:&quot;boxed&quot;}\" data-core-v316-plus=\"true\">\n\t\t\t\t\t<div class=\"e-con-inner\">\n\t\t\t\t<div class=\"elementor-element elementor-element-b72c44b elementor-widget elementor-widget-heading\" data-id=\"b72c44b\" data-element_type=\"widget\" data-widget_type=\"heading.default\">\n\t\t\t\t<div class=\"elementor-widget-container\">\n\t\t\t<style>\/*! elementor - v3.16.0 - 14-09-2023 *\/\n.elementor-heading-title{padding:0;margin:0;line-height:1}.elementor-widget-heading .elementor-heading-title[class*=elementor-size-]>a{color:inherit;font-size:inherit;line-height:inherit}.elementor-widget-heading .elementor-heading-title.elementor-size-small{font-size:15px}.elementor-widget-heading .elementor-heading-title.elementor-size-medium{font-size:19px}.elementor-widget-heading .elementor-heading-title.elementor-size-large{font-size:29px}.elementor-widget-heading .elementor-heading-title.elementor-size-xl{font-size:39px}.elementor-widget-heading .elementor-heading-title.elementor-size-xxl{font-size:59px}<\/style><h2 class=\"elementor-heading-title elementor-size-default\">Nuestro Blog<\/h2>\t\t<\/div>\n\t\t\t\t<\/div>\n\t\t\t\t\t<\/div>\n\t\t\t\t<\/div>\n\t\t<div class=\"elementor-element elementor-element-a66a02a e-flex e-con-boxed e-con e-parent\" data-id=\"a66a02a\" data-element_type=\"container\" data-settings=\"{&quot;content_width&quot;:&quot;boxed&quot;}\" data-core-v316-plus=\"true\">\n\t\t\t\t\t<div class=\"e-con-inner\">\n\t\t\t\t<div class=\"elementor-element elementor-element-963da2d elementor-grid-3 elementor-grid-tablet-2 elementor-grid-mobile-1 elementor-posts--thumbnail-top elementor-widget elementor-widget-posts\" data-id=\"963da2d\" data-element_type=\"widget\" data-settings=\"{&quot;pagination_type&quot;:&quot;numbers_and_prev_next&quot;,&quot;classic_columns&quot;:&quot;3&quot;,&quot;classic_columns_tablet&quot;:&quot;2&quot;,&quot;classic_columns_mobile&quot;:&quot;1&quot;,&quot;classic_row_gap&quot;:{&quot;unit&quot;:&quot;px&quot;,&quot;size&quot;:35,&quot;sizes&quot;:[]},&quot;classic_row_gap_tablet&quot;:{&quot;unit&quot;:&quot;px&quot;,&quot;size&quot;:&quot;&quot;,&quot;sizes&quot;:[]},&quot;classic_row_gap_mobile&quot;:{&quot;unit&quot;:&quot;px&quot;,&quot;size&quot;:&quot;&quot;,&quot;sizes&quot;:[]}}\" data-widget_type=\"posts.classic\">\n\t\t\t\t<div class=\"elementor-widget-container\">\n\t\t\t<link rel=\"stylesheet\" href=\"https:\/\/fundacionguiandoconamor.org\/wp-content\/plugins\/pro-elements\/assets\/css\/widget-posts.min.css\">\t\t<div class=\"elementor-posts-container elementor-posts elementor-posts--skin-classic elementor-grid\">\n\t\t\t\t<article class=\"elementor-post elementor-grid-item post-2331 post type-post status-publish format-standard hentry category-juntos-contra-el-cancer-de-mama-y-prostata category-salud-mental\">\n\t\t\t\t<div class=\"elementor-post__text\">\n\t\t\t\t<h3 class=\"elementor-post__title\">\n\t\t\t<a href=\"https:\/\/fundacionguiandoconamor.org\/en\/campana-juntos-contra-el-cancer-en-la-puma-del-dorado\/\" >\n\t\t\t\tCampa\u00f1a Juntos Contra el C\u00e1ncer, en la Puma del Dorado\t\t\t<\/a>\n\t\t<\/h3>\n\t\t\t\t<div class=\"elementor-post__meta-data\">\n\t\t\t\t\t<span class=\"elementor-post-date\">\n\t\t\t30 October, 2025\t\t<\/span>\n\t\t\t\t<\/div>\n\t\t\t\t<div class=\"elementor-post__excerpt\">\n\t\t\t<p>Nuestra 4\u00b0 activaci\u00f3n la realizamos en la estaci\u00f3n Puma del Dorado. all\u00ed realizamos volanted con todas las promoci\u00f3nes especiales por parte de nuestros amigos de minimedpanama, junto a nuestro patrocinador wao973 y la gran colaboraci\u00f3n de nuestro gran Aliado Senafrontpanama qui\u00e9nes nos vienen acompa\u00f1ado desde<\/p>\n\t\t<\/div>\n\t\t\n\t\t<a class=\"elementor-post__read-more\" href=\"https:\/\/fundacionguiandoconamor.org\/en\/campana-juntos-contra-el-cancer-en-la-puma-del-dorado\/\" aria-label=\"Read more about Campa\u00f1a Juntos Contra el C\u00e1ncer, en la Puma del Dorado\" >\n\t\t\tVe m\u00e1s \u00bb\t\t<\/a>\n\n\t\t\t\t<\/div>\n\t\t\t\t<\/article>\n\t\t\t\t<article class=\"elementor-post elementor-grid-item post-2328 post type-post status-publish format-standard hentry category-juntos-contra-el-cancer-de-mama-y-prostata\">\n\t\t\t\t<div class=\"elementor-post__text\">\n\t\t\t\t<h3 class=\"elementor-post__title\">\n\t\t\t<a href=\"https:\/\/fundacionguiandoconamor.org\/en\/campana-juntos-contra-el-cancer-en-via-espana\/\" >\n\t\t\t\tCampa\u00f1a Juntos Contra el Cancer en via espa\u00f1a\t\t\t<\/a>\n\t\t<\/h3>\n\t\t\t\t<div class=\"elementor-post__meta-data\">\n\t\t\t\t\t<span class=\"elementor-post-date\">\n\t\t\t30 October, 2025\t\t<\/span>\n\t\t\t\t<\/div>\n\t\t\t\t<div class=\"elementor-post__excerpt\">\n\t\t\t<p>Juntos Contra el C\u00e1ncer Se dice que la union hace la fuerza y que el lazo de hermandad ser\u00e1 invencible cu\u00e1ndo trabaiamos como hermanos con amor, empat\u00eda y respeto. Esta campa\u00f1a es el refleio de que querer es poder v que la uni\u00f3n no s\u00f3lo<\/p>\n\t\t<\/div>\n\t\t\n\t\t<a class=\"elementor-post__read-more\" href=\"https:\/\/fundacionguiandoconamor.org\/en\/campana-juntos-contra-el-cancer-en-via-espana\/\" aria-label=\"Read more about Campa\u00f1a Juntos Contra el Cancer en via espa\u00f1a\" >\n\t\t\tVe m\u00e1s \u00bb\t\t<\/a>\n\n\t\t\t\t<\/div>\n\t\t\t\t<\/article>\n\t\t\t\t<article class=\"elementor-post elementor-grid-item post-2325 post type-post status-publish format-standard hentry category-salud-mental\">\n\t\t\t\t<div class=\"elementor-post__text\">\n\t\t\t\t<h3 class=\"elementor-post__title\">\n\t\t\t<a href=\"https:\/\/fundacionguiandoconamor.org\/en\/drenaje-emocional-a-traves-del-arte-brindandoles-una-manana-de-tranquilidad-y-serenidad-al-personal-de-benemerito-cuerpo-de-bomberos-de-panama\/\" >\n\t\t\t\tDrenaje emocional a trav\u00e9s del arte&#8221;, brindandoles una ma\u00f1ana de tranquilidad y serenidad al personal de BENEMERITO CUERPO DE BOMBEROS DE PANAM\u00c1\t\t\t<\/a>\n\t\t<\/h3>\n\t\t\t\t<div class=\"elementor-post__meta-data\">\n\t\t\t\t\t<span class=\"elementor-post-date\">\n\t\t\t30 October, 2025\t\t<\/span>\n\t\t\t\t<\/div>\n\t\t\t\t<div class=\"elementor-post__excerpt\">\n\t\t\t<p>Hoy realizamos nuestro taller &#8220;Drenaje emocional a trav\u00e9s del arte&#8221;, brindandoles una ma\u00f1ana de tranquilidad y serenidad al personal de BENEMERITO CUERPO DE BOMBEROS DE PANAM\u00c1 Al principio se observo mucha timidez, luego una concentraci\u00f3n profunda y liberadora empezo a adue\u00f1arce de este espacio. vimos<\/p>\n\t\t<\/div>\n\t\t\n\t\t<a class=\"elementor-post__read-more\" href=\"https:\/\/fundacionguiandoconamor.org\/en\/drenaje-emocional-a-traves-del-arte-brindandoles-una-manana-de-tranquilidad-y-serenidad-al-personal-de-benemerito-cuerpo-de-bomberos-de-panama\/\" aria-label=\"Read more about Drenaje emocional a trav\u00e9s del arte&#8221;, brindandoles una ma\u00f1ana de tranquilidad y serenidad al personal de BENEMERITO CUERPO DE BOMBEROS DE PANAM\u00c1\" >\n\t\t\tVe m\u00e1s \u00bb\t\t<\/a>\n\n\t\t\t\t<\/div>\n\t\t\t\t<\/article>\n\t\t\t\t<article class=\"elementor-post elementor-grid-item post-2309 post type-post status-publish format-standard hentry category-boletin category-empoderamiento category-madres category-noticias\">\n\t\t\t\t<div class=\"elementor-post__text\">\n\t\t\t\t<h3 class=\"elementor-post__title\">\n\t\t\t<a href=\"https:\/\/fundacionguiandoconamor.org\/en\/nuestra-quinta-sala-de-lactancia-donada-a-la-policia-nacional\/\" >\n\t\t\t\tNuestra Quinta Sala de Lactancia Donada a la Polic\u00eda Nacional\t\t\t<\/a>\n\t\t<\/h3>\n\t\t\t\t<div class=\"elementor-post__meta-data\">\n\t\t\t\t\t<span class=\"elementor-post-date\">\n\t\t\t14 October, 2025\t\t<\/span>\n\t\t\t\t<\/div>\n\t\t\t\t<div class=\"elementor-post__excerpt\">\n\t\t\t<p>&nbsp; La Fundaci\u00f3n Mar\u00eda Victoria Guiando Con Amor reafirma su profundo compromiso al inaugurar su Quinta Sala de Lactancia Materna, esta vez ubicada en la Sede Principal de la Polic\u00eda Nacional. Esta donaci\u00f3n no es s\u00f3lo un espacio f\u00edsico, sino un acto de amor y<\/p>\n\t\t<\/div>\n\t\t\n\t\t<a class=\"elementor-post__read-more\" href=\"https:\/\/fundacionguiandoconamor.org\/en\/nuestra-quinta-sala-de-lactancia-donada-a-la-policia-nacional\/\" aria-label=\"Read more about Nuestra Quinta Sala de Lactancia Donada a la Polic\u00eda Nacional\" >\n\t\t\tVe m\u00e1s \u00bb\t\t<\/a>\n\n\t\t\t\t<\/div>\n\t\t\t\t<\/article>\n\t\t\t\t<article class=\"elementor-post elementor-grid-item post-2307 post type-post status-publish format-standard hentry category-sin-categoria\">\n\t\t\t\t<div class=\"elementor-post__text\">\n\t\t\t\t<h3 class=\"elementor-post__title\">\n\t\t\t<a href=\"https:\/\/fundacionguiandoconamor.org\/en\/la-fundacion-maria-victoria-lidera-abrazo-de-solidaridad-campana-ofrece-mamografias-y-pruebas-de-cancer-gratuitas\/\" >\n\t\t\t\tLa Fundaci\u00f3n Mar\u00eda Victoria Lidera &#8216;Abrazo de Solidaridad&#8217;: Campa\u00f1a Ofrece Mamograf\u00edas y Pruebas de C\u00e1ncer Gratuitas\t\t\t<\/a>\n\t\t<\/h3>\n\t\t\t\t<div class=\"elementor-post__meta-data\">\n\t\t\t\t\t<span class=\"elementor-post-date\">\n\t\t\t13 October, 2025\t\t<\/span>\n\t\t\t\t<\/div>\n\t\t\t\t<div class=\"elementor-post__excerpt\">\n\t\t\t<p>La Campa\u00f1a &#8220;Juntos contra el C\u00e1ncer&#8221; se consolid\u00f3 como un &#8220;hermoso abrazo de solidaridad&#8221; liderado por la Fundaci\u00f3n Mar\u00eda Victoria Guiando Con Amor, cuyo compromiso va m\u00e1s all\u00e1 de la mera concientizaci\u00f3n. La iniciativa, que cuenta con una poderosa red de aliados, se centr\u00f3 en<\/p>\n\t\t<\/div>\n\t\t\n\t\t<a class=\"elementor-post__read-more\" href=\"https:\/\/fundacionguiandoconamor.org\/en\/la-fundacion-maria-victoria-lidera-abrazo-de-solidaridad-campana-ofrece-mamografias-y-pruebas-de-cancer-gratuitas\/\" aria-label=\"Read more about La Fundaci\u00f3n Mar\u00eda Victoria Lidera &#8216;Abrazo de Solidaridad&#8217;: Campa\u00f1a Ofrece Mamograf\u00edas y Pruebas de C\u00e1ncer Gratuitas\" >\n\t\t\tVe m\u00e1s \u00bb\t\t<\/a>\n\n\t\t\t\t<\/div>\n\t\t\t\t<\/article>\n\t\t\t\t<article class=\"elementor-post elementor-grid-item post-2305 post type-post status-publish format-standard hentry category-sin-categoria\">\n\t\t\t\t<div class=\"elementor-post__text\">\n\t\t\t\t<h3 class=\"elementor-post__title\">\n\t\t\t<a href=\"https:\/\/fundacionguiandoconamor.org\/en\/recuadro-de-la-campana-el-spi-dice-si-a-la-prevencion-caballeros-del-spi-dan-ejemplo-de-valentia-al-unirse-a-la-prevencion-del-cancer\/\" >\n\t\t\t\tRecuadro de la Campa\u00f1a: El SPI Dice &#8216;S\u00ed a la Prevenci\u00f3n&#8217; Caballeros del SPI Dan Ejemplo de Valent\u00eda al Unirse a la Prevenci\u00f3n del C\u00e1ncer\t\t\t<\/a>\n\t\t<\/h3>\n\t\t\t\t<div class=\"elementor-post__meta-data\">\n\t\t\t\t\t<span class=\"elementor-post-date\">\n\t\t\t13 October, 2025\t\t<\/span>\n\t\t\t\t<\/div>\n\t\t\t\t<div class=\"elementor-post__excerpt\">\n\t\t\t<p>La Campa\u00f1a &#8220;Juntos contra el C\u00e1ncer&#8221; recibi\u00f3 un importante impulso institucional y moral con la activa participaci\u00f3n del Servicio de Protecci\u00f3n Institucional (SPI). Un contingente de caballeros de esta entidad se uni\u00f3 a la jornada de prevenci\u00f3n, demostrando un firme compromiso con el lema de<\/p>\n\t\t<\/div>\n\t\t\n\t\t<a class=\"elementor-post__read-more\" href=\"https:\/\/fundacionguiandoconamor.org\/en\/recuadro-de-la-campana-el-spi-dice-si-a-la-prevencion-caballeros-del-spi-dan-ejemplo-de-valentia-al-unirse-a-la-prevencion-del-cancer\/\" aria-label=\"Read more about Recuadro de la Campa\u00f1a: El SPI Dice &#8216;S\u00ed a la Prevenci\u00f3n&#8217; Caballeros del SPI Dan Ejemplo de Valent\u00eda al Unirse a la Prevenci\u00f3n del C\u00e1ncer\" >\n\t\t\tVe m\u00e1s \u00bb\t\t<\/a>\n\n\t\t\t\t<\/div>\n\t\t\t\t<\/article>\n\t\t\t\t<\/div>\n\t\t\n\t\t\t\t<div class=\"e-load-more-anchor\" data-page=\"1\" data-max-page=\"11\" data-next-page=\"https:\/\/fundacionguiandoconamor.org\/en\/wp-json\/wp\/v2\/pages\/1973\/page\/2\/\"><\/div>\n\t\t\t\t<nav class=\"elementor-pagination\" aria-label=\"Pagination\">\n\t\t\t<span class=\"page-numbers prev\">&laquo; Previous<\/span>\n<span aria-current=\"page\" class=\"page-numbers current\"><span class=\"elementor-screen-only\">Page<\/span>1<\/span>\n<a class=\"page-numbers\" href=\"https:\/\/fundacionguiandoconamor.org\/en\/wp-json\/wp\/v2\/pages\/1973\/page\/2\/\"><span class=\"elementor-screen-only\">Page<\/span>2<\/a>\n<a class=\"page-numbers\" href=\"https:\/\/fundacionguiandoconamor.org\/en\/wp-json\/wp\/v2\/pages\/1973\/page\/3\/\"><span class=\"elementor-screen-only\">Page<\/span>3<\/a>\n<a class=\"page-numbers\" href=\"https:\/\/fundacionguiandoconamor.org\/en\/wp-json\/wp\/v2\/pages\/1973\/page\/4\/\"><span class=\"elementor-screen-only\">Page<\/span>4<\/a>\n<a class=\"page-numbers\" href=\"https:\/\/fundacionguiandoconamor.org\/en\/wp-json\/wp\/v2\/pages\/1973\/page\/5\/\"><span class=\"elementor-screen-only\">Page<\/span>5<\/a>\n<a class=\"page-numbers next\" href=\"https:\/\/fundacionguiandoconamor.org\/en\/wp-json\/wp\/v2\/pages\/1973\/page\/2\/\">Next &raquo;<\/a>\t\t<\/nav>\n\t\t\t\t<\/div>\n\t\t\t\t<\/div>\n\t\t\t\t\t<\/div>\n\t\t\t\t<\/div>\n\t\t\t\t\t\t\t<\/div>","protected":false},"excerpt":{"rendered":"<p>Nuestro Blog<\/p>","protected":false},"author":1,"featured_media":0,"parent":0,"menu_order":0,"comment_status":"closed","ping_status":"closed","template":"","meta":{"site-sidebar-layout":"no-sidebar","site-content-layout":"page-builder","ast-site-content-layout":"full-width-container","site-content-style":"default","site-sidebar-style":"default","ast-global-header-display":"","ast-banner-title-visibility":"","ast-main-header-display":"","ast-hfb-above-header-display":"","ast-hfb-below-header-display":"","ast-hfb-mobile-header-display":"","site-post-title":"disabled","ast-breadcrumbs-content":"","ast-featured-img":"disabled","footer-sml-layout":"","theme-transparent-header-meta":"default","adv-header-id-meta":"","stick-header-meta":"","header-above-stick-meta":"","header-main-stick-meta":"","header-below-stick-meta":"","astra-migrate-meta-layouts":"set","footnotes":""},"yoast_head":"<!-- This site is optimized with the Yoast SEO plugin v22.8 - https:\/\/yoast.com\/wordpress\/plugins\/seo\/ -->\n<title>Blog Guiando con amor - Fundaci\u00f3n Mar\u00eda Victoria Guiando Con Amor<\/title>\n<meta name=\"robots\" content=\"index, follow, max-snippet:-1, max-image-preview:large, max-video-preview:-1\" \/>\n<link rel=\"canonical\" href=\"https:\/\/fundacionguiandoconamor.org\/en\/blog-guiando-con-amor\/\" \/>\n<meta property=\"og:locale\" content=\"en_US\" \/>\n<meta property=\"og:type\" content=\"article\" \/>\n<meta property=\"og:title\" content=\"Blog Guiando con amor - Fundaci\u00f3n Mar\u00eda Victoria Guiando Con Amor\" \/>\n<meta property=\"og:description\" content=\"Nuestro Blog\" \/>\n<meta property=\"og:url\" content=\"https:\/\/fundacionguiandoconamor.org\/en\/blog-guiando-con-amor\/\" \/>\n<meta property=\"og:site_name\" content=\"Fundaci\u00f3n Mar\u00eda Victoria Guiando Con Amor\" \/>\n<meta property=\"article:modified_time\" content=\"2024-06-19T05:57:16+00:00\" \/>\n<meta name=\"twitter:card\" content=\"summary_large_image\" \/>\n<meta name=\"twitter:label1\" content=\"Est. reading time\" \/>\n\t<meta name=\"twitter:data1\" content=\"4 minutes\" \/>\n<script type=\"application\/ld+json\" class=\"yoast-schema-graph\">{\"@context\":\"https:\/\/schema.org\",\"@graph\":[{\"@type\":\"WebPage\",\"@id\":\"https:\/\/fundacionguiandoconamor.org\/blog-guiando-con-amor\/\",\"url\":\"https:\/\/fundacionguiandoconamor.org\/blog-guiando-con-amor\/\",\"name\":\"Blog Guiando con amor - Fundaci\u00f3n Mar\u00eda Victoria Guiando Con Amor\",\"isPartOf\":{\"@id\":\"https:\/\/fundacionguiandoconamor.org\/#website\"},\"datePublished\":\"2024-06-19T05:51:47+00:00\",\"dateModified\":\"2024-06-19T05:57:16+00:00\",\"breadcrumb\":{\"@id\":\"https:\/\/fundacionguiandoconamor.org\/blog-guiando-con-amor\/#breadcrumb\"},\"inLanguage\":\"en-US\",\"potentialAction\":[{\"@type\":\"ReadAction\",\"target\":[\"https:\/\/fundacionguiandoconamor.org\/blog-guiando-con-amor\/\"]}]},{\"@type\":\"BreadcrumbList\",\"@id\":\"https:\/\/fundacionguiandoconamor.org\/blog-guiando-con-amor\/#breadcrumb\",\"itemListElement\":[{\"@type\":\"ListItem\",\"position\":1,\"name\":\"Inicio\",\"item\":\"https:\/\/fundacionguiandoconamor.org\/\"},{\"@type\":\"ListItem\",\"position\":2,\"name\":\"Blog Guiando con amor\"}]},{\"@type\":\"WebSite\",\"@id\":\"https:\/\/fundacionguiandoconamor.org\/#website\",\"url\":\"https:\/\/fundacionguiandoconamor.org\/\",\"name\":\"Fundaci\u00f3n Mar\u00eda Victoria Guiando Con Amor\",\"description\":\"Somos una fundaci\u00f3n comprometida con nuestra labor social y cultural enfocada en el apoyo a la mujer.\",\"publisher\":{\"@id\":\"https:\/\/fundacionguiandoconamor.org\/#organization\"},\"potentialAction\":[{\"@type\":\"SearchAction\",\"target\":{\"@type\":\"EntryPoint\",\"urlTemplate\":\"https:\/\/fundacionguiandoconamor.org\/?s={search_term_string}\"},\"query-input\":\"required name=search_term_string\"}],\"inLanguage\":\"en-US\"},{\"@type\":\"Organization\",\"@id\":\"https:\/\/fundacionguiandoconamor.org\/#organization\",\"name\":\"Fundaci\u00f3n Mar\u00eda Victoria Guiando Con Amor\",\"url\":\"https:\/\/fundacionguiandoconamor.org\/\",\"logo\":{\"@type\":\"ImageObject\",\"inLanguage\":\"en-US\",\"@id\":\"https:\/\/fundacionguiandoconamor.org\/#\/schema\/logo\/image\/\",\"url\":\"https:\/\/fundacionguiandoconamor.org\/wp-content\/uploads\/2024\/01\/fundacion-maria-victoria-guiando-con-amor-logo-l.png\",\"contentUrl\":\"https:\/\/fundacionguiandoconamor.org\/wp-content\/uploads\/2024\/01\/fundacion-maria-victoria-guiando-con-amor-logo-l.png\",\"width\":320,\"height\":300,\"caption\":\"Fundaci\u00f3n Mar\u00eda Victoria Guiando Con Amor\"},\"image\":{\"@id\":\"https:\/\/fundacionguiandoconamor.org\/#\/schema\/logo\/image\/\"},\"sameAs\":[\"https:\/\/www.instagram.com\/mvguiandoconamor\/\"]}]}<\/script>\n<!-- \/ Yoast SEO plugin. -->","yoast_head_json":{"title":"Blog Guiando con amor - Fundaci\u00f3n Mar\u00eda Victoria Guiando Con Amor","robots":{"index":"index","follow":"follow","max-snippet":"max-snippet:-1","max-image-preview":"max-image-preview:large","max-video-preview":"max-video-preview:-1"},"canonical":"https:\/\/fundacionguiandoconamor.org\/en\/blog-guiando-con-amor\/","og_locale":"en_US","og_type":"article","og_title":"Blog Guiando con amor - Fundaci\u00f3n Mar\u00eda Victoria Guiando Con Amor","og_description":"Nuestro Blog","og_url":"https:\/\/fundacionguiandoconamor.org\/en\/blog-guiando-con-amor\/","og_site_name":"Fundaci\u00f3n Mar\u00eda Victoria Guiando Con Amor","article_modified_time":"2024-06-19T05:57:16+00:00","twitter_card":"summary_large_image","twitter_misc":{"Est. reading time":"4 minutes"},"schema":{"@context":"https:\/\/schema.org","@graph":[{"@type":"WebPage","@id":"https:\/\/fundacionguiandoconamor.org\/blog-guiando-con-amor\/","url":"https:\/\/fundacionguiandoconamor.org\/blog-guiando-con-amor\/","name":"Blog Guiando con amor - Fundaci\u00f3n Mar\u00eda Victoria Guiando Con Amor","isPartOf":{"@id":"https:\/\/fundacionguiandoconamor.org\/#website"},"datePublished":"2024-06-19T05:51:47+00:00","dateModified":"2024-06-19T05:57:16+00:00","breadcrumb":{"@id":"https:\/\/fundacionguiandoconamor.org\/blog-guiando-con-amor\/#breadcrumb"},"inLanguage":"en-US","potentialAction":[{"@type":"ReadAction","target":["https:\/\/fundacionguiandoconamor.org\/blog-guiando-con-amor\/"]}]},{"@type":"BreadcrumbList","@id":"https:\/\/fundacionguiandoconamor.org\/blog-guiando-con-amor\/#breadcrumb","itemListElement":[{"@type":"ListItem","position":1,"name":"Inicio","item":"https:\/\/fundacionguiandoconamor.org\/"},{"@type":"ListItem","position":2,"name":"Blog Guiando con amor"}]},{"@type":"WebSite","@id":"https:\/\/fundacionguiandoconamor.org\/#website","url":"https:\/\/fundacionguiandoconamor.org\/","name":"Fundaci\u00f3n Mar\u00eda Victoria Guiando Con Amor","description":"Somos una fundaci\u00f3n comprometida con nuestra labor social y cultural enfocada en el apoyo a la mujer.","publisher":{"@id":"https:\/\/fundacionguiandoconamor.org\/#organization"},"potentialAction":[{"@type":"SearchAction","target":{"@type":"EntryPoint","urlTemplate":"https:\/\/fundacionguiandoconamor.org\/?s={search_term_string}"},"query-input":"required name=search_term_string"}],"inLanguage":"en-US"},{"@type":"Organization","@id":"https:\/\/fundacionguiandoconamor.org\/#organization","name":"Fundaci\u00f3n Mar\u00eda Victoria Guiando Con Amor","url":"https:\/\/fundacionguiandoconamor.org\/","logo":{"@type":"ImageObject","inLanguage":"en-US","@id":"https:\/\/fundacionguiandoconamor.org\/#\/schema\/logo\/image\/","url":"https:\/\/fundacionguiandoconamor.org\/wp-content\/uploads\/2024\/01\/fundacion-maria-victoria-guiando-con-amor-logo-l.png","contentUrl":"https:\/\/fundacionguiandoconamor.org\/wp-content\/uploads\/2024\/01\/fundacion-maria-victoria-guiando-con-amor-logo-l.png","width":320,"height":300,"caption":"Fundaci\u00f3n Mar\u00eda Victoria Guiando Con Amor"},"image":{"@id":"https:\/\/fundacionguiandoconamor.org\/#\/schema\/logo\/image\/"},"sameAs":["https:\/\/www.instagram.com\/mvguiandoconamor\/"]}]}},"_links":{"self":[{"href":"https:\/\/fundacionguiandoconamor.org\/en\/wp-json\/wp\/v2\/pages\/1973"}],"collection":[{"href":"https:\/\/fundacionguiandoconamor.org\/en\/wp-json\/wp\/v2\/pages"}],"about":[{"href":"https:\/\/fundacionguiandoconamor.org\/en\/wp-json\/wp\/v2\/types\/page"}],"author":[{"embeddable":true,"href":"https:\/\/fundacionguiandoconamor.org\/en\/wp-json\/wp\/v2\/users\/1"}],"replies":[{"embeddable":true,"href":"https:\/\/fundacionguiandoconamor.org\/en\/wp-json\/wp\/v2\/comments?post=1973"}],"version-history":[{"count":10,"href":"https:\/\/fundacionguiandoconamor.org\/en\/wp-json\/wp\/v2\/pages\/1973\/revisions"}],"predecessor-version":[{"id":1983,"href":"https:\/\/fundacionguiandoconamor.org\/en\/wp-json\/wp\/v2\/pages\/1973\/revisions\/1983"}],"wp:attachment":[{"href":"https:\/\/fundacionguiandoconamor.org\/en\/wp-json\/wp\/v2\/media?parent=1973"}],"curies":[{"name":"wp","href":"https:\/\/api.w.org\/{rel}","templated":true}]}}