{"id":3,"date":"2023-09-20T05:50:27","date_gmt":"2023-09-20T10:50:27","guid":{"rendered":"https:\/\/fundacionguiandoconamor.org\/?page_id=3"},"modified":"2024-06-18T21:50:52","modified_gmt":"2024-06-19T02:50:52","slug":"politica-privacidad","status":"publish","type":"page","link":"https:\/\/fundacionguiandoconamor.org\/en\/politica-privacidad\/","title":{"rendered":"Privacy Policy"},"content":{"rendered":"<div data-elementor-type=\"wp-page\" data-elementor-id=\"3\" class=\"elementor elementor-3\" data-elementor-post-type=\"page\">\n\t\t\t\t\t\t\t<div class=\"elementor-element elementor-element-e2f9c0a e-flex e-con-boxed e-con e-parent\" data-id=\"e2f9c0a\" data-element_type=\"container\" data-settings=\"{&quot;content_width&quot;:&quot;boxed&quot;}\" data-core-v316-plus=\"true\">\n\t\t\t\t\t<div class=\"e-con-inner\">\n\t\t\t\t<div class=\"elementor-element elementor-element-417c73fb elementor-widget elementor-widget-text-editor\" data-id=\"417c73fb\" data-element_type=\"widget\" data-widget_type=\"text-editor.default\">\n\t\t\t\t<div class=\"elementor-widget-container\">\n\t\t\t<style>\/*! elementor - v3.16.0 - 14-09-2023 *\/\n.elementor-widget-text-editor.elementor-drop-cap-view-stacked .elementor-drop-cap{background-color:#69727d;color:#fff}.elementor-widget-text-editor.elementor-drop-cap-view-framed .elementor-drop-cap{color:#69727d;border:3px solid;background-color:transparent}.elementor-widget-text-editor:not(.elementor-drop-cap-view-default) .elementor-drop-cap{margin-top:8px}.elementor-widget-text-editor:not(.elementor-drop-cap-view-default) .elementor-drop-cap-letter{width:1em;height:1em}.elementor-widget-text-editor .elementor-drop-cap{float:left;text-align:center;line-height:1;font-size:50px}.elementor-widget-text-editor .elementor-drop-cap-letter{display:inline-block}<\/style>\t\t\t\t<h4 class=\"titulo_politicas\">Privacy Policy<\/h4><p>The \"Maria Victoria Guiando con Amor\" Foundation is committed to protecting the privacy of users of its website fundacionguiandoconamor.org. This privacy policy describes how the Foundation collects, uses, and protects users' personal information, in compliance with Panama's data protection legislation.<\/p><h4 class=\"titulo_politicas\">Information collected<\/h4><p>The Foundation collects basic data, such as emails, phone numbers, and names, solely for contact and communication purposes.<\/p><h4 class=\"titulo_politicas\">Use of information<\/h4><p>The collected information will be used exclusively by the Foundation and will not be disclosed to any external entity, in compliance with Law 81 on Personal Data Protection in Panama.<\/p><h4 class=\"titulo_politicas\">Information protection<\/h4><p>Information is protected by encryption mechanisms provided by WordPress and the Wordfence Security plugin.<\/p><h4 class=\"titulo_politicas\">Sharing information<\/h4><p>The Foundation will not share information with any company unless required or permitted by law in special cases.<\/p><h4 class=\"titulo_politicas\">Cookies<\/h4><p>Cookies are used to speed up loading processes on the page, such as images, forms, or processes that require loading.<\/p><h4 class=\"titulo_politicas\">User rights<\/h4><p>Users can exercise their rights of access, rectification, cancellation, and opposition by sending an email to <strong>direccion@fundacionguiandoconamor.org<\/strong>as established by Panamanian legislation.<\/p><p><strong>Additional clarifications:<\/strong><\/p><ul><li>All images displayed on the website belong to the Maria Victoria Guiando con Amor Foundation. All participants were informed and previously informed of the use of their image for the exclusive use of the foundation.<\/li><li>All donations made to the Foundation are voluntary and are used to benefit those in need within the Foundation.<\/li><li>All volunteers who apply are responsible for the tasks they choose to perform according to availability at the foundation.<\/li><li>All supplied data is protected by data protection according to Law 81 of Panama.\nChanges to the privacy policy.<\/li><\/ul><h4 class=\"titulo_politicas\">Changes to the privacy policy<\/h4><p>will be communicated through announcements on social media. Registered users will be notified by email when a module is enabled to manage their account.<\/p><p>By using our website, you agree to the terms of our privacy policy. If you have any questions or concerns about this policy, please contact us at <strong>direccion@fundacionguiandoconamor.org<\/strong>.<\/p>\t\t\t\t\t\t<\/div>\n\t\t\t\t<\/div>\n\t\t\t\t\t<\/div>\n\t\t\t\t<\/div>\n\t\t\t\t\t\t\t<\/div>","protected":false},"excerpt":{"rendered":"<p>Pol\u00edtica de Privacidad La Fundaci\u00f3n &#8220;Maria Victoria Guiando con Amor&#8221; se compromete a proteger la privacidad de los usuarios de su p\u00e1gina web fundacionguiandoconamor.org. Esta pol\u00edtica de privacidad describe c\u00f3mo la Fundaci\u00f3n recopila, utiliza y protege la informaci\u00f3n personal de los usuarios, en cumplimiento con la legislaci\u00f3n de protecci\u00f3n de datos de Panam\u00e1. Informaci\u00f3n recopilada &hellip;<\/p>\n<p class=\"read-more\"> <a class=\"\" href=\"https:\/\/fundacionguiandoconamor.org\/en\/politica-privacidad\/\"> <span class=\"screen-reader-text\">Privacy Policy<\/span> Read More &raquo;<\/a><\/p>","protected":false},"author":1,"featured_media":0,"parent":0,"menu_order":0,"comment_status":"closed","ping_status":"open","template":"","meta":{"site-sidebar-layout":"default","site-content-layout":"","ast-site-content-layout":"default","site-content-style":"default","site-sidebar-style":"default","ast-global-header-display":"","ast-banner-title-visibility":"","ast-main-header-display":"","ast-hfb-above-header-display":"","ast-hfb-below-header-display":"","ast-hfb-mobile-header-display":"","site-post-title":"disabled","ast-breadcrumbs-content":"","ast-featured-img":"","footer-sml-layout":"","theme-transparent-header-meta":"default","adv-header-id-meta":"","stick-header-meta":"","header-above-stick-meta":"","header-main-stick-meta":"","header-below-stick-meta":"","astra-migrate-meta-layouts":"set","footnotes":""},"yoast_head":"<!-- This site is optimized with the Yoast SEO plugin v22.8 - https:\/\/yoast.com\/wordpress\/plugins\/seo\/ -->\n<title>Pol\u00edtica de privacidad - Fundaci\u00f3n Mar\u00eda Victoria Guiando Con Amor<\/title>\n<meta name=\"robots\" content=\"index, follow, max-snippet:-1, max-image-preview:large, max-video-preview:-1\" \/>\n<link rel=\"canonical\" href=\"https:\/\/fundacionguiandoconamor.org\/en\/politica-privacidad\/\" \/>\n<meta property=\"og:locale\" content=\"en_US\" \/>\n<meta property=\"og:type\" content=\"article\" \/>\n<meta property=\"og:title\" content=\"Pol\u00edtica de privacidad - Fundaci\u00f3n Mar\u00eda Victoria Guiando Con Amor\" \/>\n<meta property=\"og:description\" content=\"Pol\u00edtica de Privacidad La Fundaci\u00f3n &#8220;Maria Victoria Guiando con Amor&#8221; se compromete a proteger la privacidad de los usuarios de su p\u00e1gina web fundacionguiandoconamor.org. Esta pol\u00edtica de privacidad describe c\u00f3mo la Fundaci\u00f3n recopila, utiliza y protege la informaci\u00f3n personal de los usuarios, en cumplimiento con la legislaci\u00f3n de protecci\u00f3n de datos de Panam\u00e1. Informaci\u00f3n recopilada &hellip; Pol\u00edtica de privacidad Read More &raquo;\" \/>\n<meta property=\"og:url\" content=\"https:\/\/fundacionguiandoconamor.org\/en\/politica-privacidad\/\" \/>\n<meta property=\"og:site_name\" content=\"Fundaci\u00f3n Mar\u00eda Victoria Guiando Con Amor\" \/>\n<meta property=\"article:modified_time\" content=\"2024-06-19T02:50:52+00:00\" \/>\n<meta name=\"twitter:card\" content=\"summary_large_image\" \/>\n<meta name=\"twitter:label1\" content=\"Est. reading time\" \/>\n\t<meta name=\"twitter:data1\" content=\"2 minutes\" \/>\n<script type=\"application\/ld+json\" class=\"yoast-schema-graph\">{\"@context\":\"https:\/\/schema.org\",\"@graph\":[{\"@type\":\"WebPage\",\"@id\":\"https:\/\/fundacionguiandoconamor.org\/politica-privacidad\/\",\"url\":\"https:\/\/fundacionguiandoconamor.org\/politica-privacidad\/\",\"name\":\"Pol\u00edtica de privacidad - Fundaci\u00f3n Mar\u00eda Victoria Guiando Con Amor\",\"isPartOf\":{\"@id\":\"https:\/\/fundacionguiandoconamor.org\/#website\"},\"datePublished\":\"2023-09-20T10:50:27+00:00\",\"dateModified\":\"2024-06-19T02:50:52+00:00\",\"breadcrumb\":{\"@id\":\"https:\/\/fundacionguiandoconamor.org\/politica-privacidad\/#breadcrumb\"},\"inLanguage\":\"en-US\",\"potentialAction\":[{\"@type\":\"ReadAction\",\"target\":[\"https:\/\/fundacionguiandoconamor.org\/politica-privacidad\/\"]}]},{\"@type\":\"BreadcrumbList\",\"@id\":\"https:\/\/fundacionguiandoconamor.org\/politica-privacidad\/#breadcrumb\",\"itemListElement\":[{\"@type\":\"ListItem\",\"position\":1,\"name\":\"Inicio\",\"item\":\"https:\/\/fundacionguiandoconamor.org\/\"},{\"@type\":\"ListItem\",\"position\":2,\"name\":\"Pol\u00edtica de privacidad\"}]},{\"@type\":\"WebSite\",\"@id\":\"https:\/\/fundacionguiandoconamor.org\/#website\",\"url\":\"https:\/\/fundacionguiandoconamor.org\/\",\"name\":\"Fundaci\u00f3n Mar\u00eda Victoria Guiando Con Amor\",\"description\":\"Somos una fundaci\u00f3n comprometida con nuestra labor social y cultural enfocada en el apoyo a la mujer.\",\"publisher\":{\"@id\":\"https:\/\/fundacionguiandoconamor.org\/#organization\"},\"potentialAction\":[{\"@type\":\"SearchAction\",\"target\":{\"@type\":\"EntryPoint\",\"urlTemplate\":\"https:\/\/fundacionguiandoconamor.org\/?s={search_term_string}\"},\"query-input\":\"required name=search_term_string\"}],\"inLanguage\":\"en-US\"},{\"@type\":\"Organization\",\"@id\":\"https:\/\/fundacionguiandoconamor.org\/#organization\",\"name\":\"Fundaci\u00f3n Mar\u00eda Victoria Guiando Con Amor\",\"url\":\"https:\/\/fundacionguiandoconamor.org\/\",\"logo\":{\"@type\":\"ImageObject\",\"inLanguage\":\"en-US\",\"@id\":\"https:\/\/fundacionguiandoconamor.org\/#\/schema\/logo\/image\/\",\"url\":\"https:\/\/fundacionguiandoconamor.org\/wp-content\/uploads\/2024\/01\/fundacion-maria-victoria-guiando-con-amor-logo-l.png\",\"contentUrl\":\"https:\/\/fundacionguiandoconamor.org\/wp-content\/uploads\/2024\/01\/fundacion-maria-victoria-guiando-con-amor-logo-l.png\",\"width\":320,\"height\":300,\"caption\":\"Fundaci\u00f3n Mar\u00eda Victoria Guiando Con Amor\"},\"image\":{\"@id\":\"https:\/\/fundacionguiandoconamor.org\/#\/schema\/logo\/image\/\"},\"sameAs\":[\"https:\/\/www.instagram.com\/mvguiandoconamor\/\"]}]}<\/script>\n<!-- \/ Yoast SEO plugin. -->","yoast_head_json":{"title":"Pol\u00edtica de privacidad - Fundaci\u00f3n Mar\u00eda Victoria Guiando Con Amor","robots":{"index":"index","follow":"follow","max-snippet":"max-snippet:-1","max-image-preview":"max-image-preview:large","max-video-preview":"max-video-preview:-1"},"canonical":"https:\/\/fundacionguiandoconamor.org\/en\/politica-privacidad\/","og_locale":"en_US","og_type":"article","og_title":"Pol\u00edtica de privacidad - Fundaci\u00f3n Mar\u00eda Victoria Guiando Con Amor","og_description":"Pol\u00edtica de Privacidad La Fundaci\u00f3n &#8220;Maria Victoria Guiando con Amor&#8221; se compromete a proteger la privacidad de los usuarios de su p\u00e1gina web fundacionguiandoconamor.org. Esta pol\u00edtica de privacidad describe c\u00f3mo la Fundaci\u00f3n recopila, utiliza y protege la informaci\u00f3n personal de los usuarios, en cumplimiento con la legislaci\u00f3n de protecci\u00f3n de datos de Panam\u00e1. Informaci\u00f3n recopilada &hellip; Pol\u00edtica de privacidad Read More &raquo;","og_url":"https:\/\/fundacionguiandoconamor.org\/en\/politica-privacidad\/","og_site_name":"Fundaci\u00f3n Mar\u00eda Victoria Guiando Con Amor","article_modified_time":"2024-06-19T02:50:52+00:00","twitter_card":"summary_large_image","twitter_misc":{"Est. reading time":"2 minutes"},"schema":{"@context":"https:\/\/schema.org","@graph":[{"@type":"WebPage","@id":"https:\/\/fundacionguiandoconamor.org\/politica-privacidad\/","url":"https:\/\/fundacionguiandoconamor.org\/politica-privacidad\/","name":"Pol\u00edtica de privacidad - Fundaci\u00f3n Mar\u00eda Victoria Guiando Con Amor","isPartOf":{"@id":"https:\/\/fundacionguiandoconamor.org\/#website"},"datePublished":"2023-09-20T10:50:27+00:00","dateModified":"2024-06-19T02:50:52+00:00","breadcrumb":{"@id":"https:\/\/fundacionguiandoconamor.org\/politica-privacidad\/#breadcrumb"},"inLanguage":"en-US","potentialAction":[{"@type":"ReadAction","target":["https:\/\/fundacionguiandoconamor.org\/politica-privacidad\/"]}]},{"@type":"BreadcrumbList","@id":"https:\/\/fundacionguiandoconamor.org\/politica-privacidad\/#breadcrumb","itemListElement":[{"@type":"ListItem","position":1,"name":"Inicio","item":"https:\/\/fundacionguiandoconamor.org\/"},{"@type":"ListItem","position":2,"name":"Pol\u00edtica de privacidad"}]},{"@type":"WebSite","@id":"https:\/\/fundacionguiandoconamor.org\/#website","url":"https:\/\/fundacionguiandoconamor.org\/","name":"Fundaci\u00f3n Mar\u00eda Victoria Guiando Con Amor","description":"Somos una fundaci\u00f3n comprometida con nuestra labor social y cultural enfocada en el apoyo a la mujer.","publisher":{"@id":"https:\/\/fundacionguiandoconamor.org\/#organization"},"potentialAction":[{"@type":"SearchAction","target":{"@type":"EntryPoint","urlTemplate":"https:\/\/fundacionguiandoconamor.org\/?s={search_term_string}"},"query-input":"required name=search_term_string"}],"inLanguage":"en-US"},{"@type":"Organization","@id":"https:\/\/fundacionguiandoconamor.org\/#organization","name":"Fundaci\u00f3n Mar\u00eda Victoria Guiando Con Amor","url":"https:\/\/fundacionguiandoconamor.org\/","logo":{"@type":"ImageObject","inLanguage":"en-US","@id":"https:\/\/fundacionguiandoconamor.org\/#\/schema\/logo\/image\/","url":"https:\/\/fundacionguiandoconamor.org\/wp-content\/uploads\/2024\/01\/fundacion-maria-victoria-guiando-con-amor-logo-l.png","contentUrl":"https:\/\/fundacionguiandoconamor.org\/wp-content\/uploads\/2024\/01\/fundacion-maria-victoria-guiando-con-amor-logo-l.png","width":320,"height":300,"caption":"Fundaci\u00f3n Mar\u00eda Victoria Guiando Con Amor"},"image":{"@id":"https:\/\/fundacionguiandoconamor.org\/#\/schema\/logo\/image\/"},"sameAs":["https:\/\/www.instagram.com\/mvguiandoconamor\/"]}]}},"_links":{"self":[{"href":"https:\/\/fundacionguiandoconamor.org\/en\/wp-json\/wp\/v2\/pages\/3"}],"collection":[{"href":"https:\/\/fundacionguiandoconamor.org\/en\/wp-json\/wp\/v2\/pages"}],"about":[{"href":"https:\/\/fundacionguiandoconamor.org\/en\/wp-json\/wp\/v2\/types\/page"}],"author":[{"embeddable":true,"href":"https:\/\/fundacionguiandoconamor.org\/en\/wp-json\/wp\/v2\/users\/1"}],"replies":[{"embeddable":true,"href":"https:\/\/fundacionguiandoconamor.org\/en\/wp-json\/wp\/v2\/comments?post=3"}],"version-history":[{"count":28,"href":"https:\/\/fundacionguiandoconamor.org\/en\/wp-json\/wp\/v2\/pages\/3\/revisions"}],"predecessor-version":[{"id":1929,"href":"https:\/\/fundacionguiandoconamor.org\/en\/wp-json\/wp\/v2\/pages\/3\/revisions\/1929"}],"wp:attachment":[{"href":"https:\/\/fundacionguiandoconamor.org\/en\/wp-json\/wp\/v2\/media?parent=3"}],"curies":[{"name":"wp","href":"https:\/\/api.w.org\/{rel}","templated":true}]}}